{"id":118,"date":"2025-07-02T12:56:04","date_gmt":"2025-07-02T09:56:04","guid":{"rendered":"https:\/\/sametyardimci.com\/de\/?page_id=118"},"modified":"2025-08-08T16:10:35","modified_gmt":"2025-08-08T13:10:35","slug":"iletisim","status":"publish","type":"page","link":"https:\/\/sametyardimci.com\/de\/kommunikation\/","title":{"rendered":"Kommunikation"},"content":{"rendered":"<div class=\"row\">\n<div class=\"col-md-6\">\n<div id=\"ez-toc-container\" class=\"ez-toc-v2_0_76 counter-hierarchy ez-toc-counter ez-toc-grey ez-toc-container-direction\">\n<div class=\"ez-toc-title-container\">\n<p class=\"ez-toc-title\" style=\"cursor:inherit\">\u0130\u00e7indekiler<\/p>\n<span class=\"ez-toc-title-toggle\"><a href=\"#\" class=\"ez-toc-pull-right ez-toc-btn ez-toc-btn-xs ez-toc-btn-default ez-toc-toggle\" aria-label=\"Toggle Table of Content\"><span class=\"ez-toc-js-icon-con\"><span class=\"\"><span class=\"eztoc-hide\" style=\"display:none;\">Toggle<\/span><span class=\"ez-toc-icon-toggle-span\"><svg style=\"fill: #999;color:#999\" xmlns=\"http:\/\/www.w3.org\/2000\/svg\" class=\"list-377408\" width=\"20px\" height=\"20px\" viewBox=\"0 0 24 24\" fill=\"none\"><path d=\"M6 6H4v2h2V6zm14 0H8v2h12V6zM4 11h2v2H4v-2zm16 0H8v2h12v-2zM4 16h2v2H4v-2zm16 0H8v2h12v-2z\" fill=\"currentColor\"><\/path><\/svg><svg style=\"fill: #999;color:#999\" class=\"arrow-unsorted-368013\" xmlns=\"http:\/\/www.w3.org\/2000\/svg\" width=\"10px\" height=\"10px\" viewBox=\"0 0 24 24\" version=\"1.2\" baseProfile=\"tiny\"><path d=\"M18.2 9.3l-6.2-6.3-6.2 6.3c-.2.2-.3.4-.3.7s.1.5.3.7c.2.2.4.3.7.3h11c.3 0 .5-.1.7-.3.2-.2.3-.5.3-.7s-.1-.5-.3-.7zM5.8 14.7l6.2 6.3 6.2-6.3c.2-.2.3-.5.3-.7s-.1-.5-.3-.7c-.2-.2-.4-.3-.7-.3h-11c-.3 0-.5.1-.7.3-.2.2-.3.5-.3.7s.1.5.3.7z\"\/><\/svg><\/span><\/span><\/span><\/a><\/span><\/div>\n<nav><ul class='ez-toc-list ez-toc-list-level-1 eztoc-toggle-hide-by-default' ><li class='ez-toc-page-1 ez-toc-heading-level-3'><a class=\"ez-toc-link ez-toc-heading-1\" href=\"https:\/\/sametyardimci.com\/de\/kommunikation\/#Kontaktinformationen\" >Kontaktinformationen<\/a><\/li><li class='ez-toc-page-1 ez-toc-heading-level-3'><a class=\"ez-toc-link ez-toc-heading-2\" href=\"https:\/\/sametyardimci.com\/de\/kommunikation\/#Arbeitszeiten\" >Arbeitszeiten<\/a><\/li><\/ul><\/nav><\/div>\n<h3><span class=\"ez-toc-section\" id=\"Kontaktinformationen\"><\/span>Kontaktinformationen<span class=\"ez-toc-section-end\"><\/span><\/h3>\n<p><strong>Adresse : <\/strong>G\u00f6ztepe Mah. Ba\u011fdat Cad. \u00c7i\u00e7ek Apt. Nr.:173\/4 Kad\u0131k\u00f6y\/ISTANBUL<\/p>\n<p><strong>Telefon : <\/strong><a href=\"tel:+90 541 623 94 83\">+90 541 623 94 83<\/a><\/p>\n<p><strong>E-Mail : <\/strong><a href=\"mailto:info@sametyardimci.com\">info@sametyardimci.com<\/a><\/p>\n<h3><span class=\"ez-toc-section\" id=\"Arbeitszeiten\"><\/span>Arbeitszeiten<span class=\"ez-toc-section-end\"><\/span><\/h3>\n<p>Wochentage: 10:00 &#8211; 18:00<\/p>\n<p>Samstag: 10:00 &#8211; 14:30<\/p>\n<p>Sonntag: Geschlossen<\/p>\n<\/div>\n<div class=\"col-md-6\"><iframe loading=\"lazy\" style=\"border: 0;\" src=\"https:\/\/www.google.com\/maps\/embed?pb=!1m14!1m8!1m3!1d24098.20063836171!2d29.052749!3d40.975457000000006!3m2!1i1024!2i768!4f13.1!3m3!1m2!1s0x14cadd857e63054d%3A0x5ae95e1c734ac825!2sProf.%20Dr.%20Samet%20Yard%C4%B1mc%C4%B1%20-%20Obezite%2C%20Gastroenteroloji%20Cerrahisi%20Merkezi%20%C4%B0stanbul!5e0!3m2!1str!2sus!4v1751450422950!5m2!1str!2sus\" width=\"100%\" height=\"600\" allowfullscreen=\"allowfullscreen\"><\/iframe><\/div>\n<\/div>\n","protected":false},"excerpt":{"rendered":"<p>Kontaktinformationen Adresse : G\u00f6ztepe Mah. Ba\u011fdat Cad. \u00c7i\u00e7ek Apt. Nr.:173\/4 Kad\u0131k\u00f6y\/ISTANBUL Telefon : +90 541 623 94 83 E-Mail : info@sametyardimci.com Arbeitszeiten Wochentage: 10:00 &#8211; 18:00 Samstag: 10:00 &#8211; 14:30 Sonntag: Geschlossen<\/p>\n","protected":false},"author":1,"featured_media":0,"parent":0,"menu_order":0,"comment_status":"closed","ping_status":"closed","template":"","meta":{"footnotes":""},"class_list":["post-118","page","type-page","status-publish","hentry"],"_links":{"self":[{"href":"https:\/\/sametyardimci.com\/de\/wp-json\/wp\/v2\/pages\/118","targetHints":{"allow":["GET"]}}],"collection":[{"href":"https:\/\/sametyardimci.com\/de\/wp-json\/wp\/v2\/pages"}],"about":[{"href":"https:\/\/sametyardimci.com\/de\/wp-json\/wp\/v2\/types\/page"}],"author":[{"embeddable":true,"href":"https:\/\/sametyardimci.com\/de\/wp-json\/wp\/v2\/users\/1"}],"replies":[{"embeddable":true,"href":"https:\/\/sametyardimci.com\/de\/wp-json\/wp\/v2\/comments?post=118"}],"version-history":[{"count":4,"href":"https:\/\/sametyardimci.com\/de\/wp-json\/wp\/v2\/pages\/118\/revisions"}],"predecessor-version":[{"id":380,"href":"https:\/\/sametyardimci.com\/de\/wp-json\/wp\/v2\/pages\/118\/revisions\/380"}],"wp:attachment":[{"href":"https:\/\/sametyardimci.com\/de\/wp-json\/wp\/v2\/media?parent=118"}],"curies":[{"name":"wp","href":"https:\/\/api.w.org\/{rel}","templated":true}]}}