{"id":118,"date":"2025-07-02T12:56:04","date_gmt":"2025-07-02T09:56:04","guid":{"rendered":"https:\/\/sametyardimci.com\/en\/?page_id=118"},"modified":"2025-08-01T13:04:04","modified_gmt":"2025-08-01T10:04:04","slug":"contact","status":"publish","type":"page","link":"https:\/\/sametyardimci.com\/en\/contact\/","title":{"rendered":"Contact"},"content":{"rendered":"<div class=\"row\">\n<div class=\"col-md-6\">\n<h3>Contact Information<\/h3>\n<p><strong>Address : <\/strong>G\u00f6ztepe Mah. Ba\u011fdat Cad. \u00c7i\u00e7ek Apt. No:173\/4 Kad\u0131k\u00f6y\/\u0130STANBUL<\/p>\n<p><strong>Phone :\u00a0<\/strong><a href=\"tel:+90 541 623 74 89\">+90 541 623 74 89<\/a><\/p>\n<p><strong>Phone :\u00a0<\/strong><a href=\"tel:+90 541 623 94 83\">+90 541 623 94 83<\/a><\/p>\n<p><strong>E-Mail :\u00a0<\/strong><a href=\"mailto:info@sametyardimci.com\">info@sametyardimci.com<\/a><\/p>\n<h3>Working Hours<\/h3>\n<p>Week Days: 10:00am &#8211; 06:00pm<\/p>\n<p>Saturday: 10:00am &#8211; 02:30pm<\/p>\n<p>Sunday: Closed<\/p>\n<\/div>\n<div class=\"col-md-6\"><iframe loading=\"lazy\" style=\"border: 0;\" src=\"https:\/\/www.google.com\/maps\/embed?pb=!1m14!1m8!1m3!1d24098.20063836171!2d29.052749!3d40.975457000000006!3m2!1i1024!2i768!4f13.1!3m3!1m2!1s0x14cadd857e63054d%3A0x5ae95e1c734ac825!2sProf.%20Dr.%20Samet%20Yard%C4%B1mc%C4%B1%20-%20Obezite%2C%20Gastroenteroloji%20Cerrahisi%20Merkezi%20%C4%B0stanbul!5e0!3m2!1str!2sus!4v1751450422950!5m2!1str!2sus\" width=\"100%\" height=\"600\" allowfullscreen=\"allowfullscreen\"><\/iframe><\/div>\n<\/div>\n","protected":false},"excerpt":{"rendered":"<p>Contact Information Address : G\u00f6ztepe Mah. Ba\u011fdat Cad. \u00c7i\u00e7ek Apt. No:173\/4 Kad\u0131k\u00f6y\/\u0130STANBUL Phone :\u00a0+90 541 623 74 89 Phone :\u00a0+90 541 623 94 83 E-Mail :\u00a0info@sametyardimci.com Working Hours Week Days: 10:00am &#8211; 06:00pm Saturday: 10:00am &#8211; 02:30pm Sunday: Closed<\/p>\n","protected":false},"author":1,"featured_media":0,"parent":0,"menu_order":0,"comment_status":"closed","ping_status":"closed","template":"","meta":{"footnotes":""},"class_list":["post-118","page","type-page","status-publish","hentry"],"_links":{"self":[{"href":"https:\/\/sametyardimci.com\/en\/wp-json\/wp\/v2\/pages\/118","targetHints":{"allow":["GET"]}}],"collection":[{"href":"https:\/\/sametyardimci.com\/en\/wp-json\/wp\/v2\/pages"}],"about":[{"href":"https:\/\/sametyardimci.com\/en\/wp-json\/wp\/v2\/types\/page"}],"author":[{"embeddable":true,"href":"https:\/\/sametyardimci.com\/en\/wp-json\/wp\/v2\/users\/1"}],"replies":[{"embeddable":true,"href":"https:\/\/sametyardimci.com\/en\/wp-json\/wp\/v2\/comments?post=118"}],"version-history":[{"count":5,"href":"https:\/\/sametyardimci.com\/en\/wp-json\/wp\/v2\/pages\/118\/revisions"}],"predecessor-version":[{"id":420,"href":"https:\/\/sametyardimci.com\/en\/wp-json\/wp\/v2\/pages\/118\/revisions\/420"}],"wp:attachment":[{"href":"https:\/\/sametyardimci.com\/en\/wp-json\/wp\/v2\/media?parent=118"}],"curies":[{"name":"wp","href":"https:\/\/api.w.org\/{rel}","templated":true}]}}